{"id":100,"date":"2022-08-30T11:18:03","date_gmt":"2022-08-30T14:18:03","guid":{"rendered":"https:\/\/educationmais.com.br\/?page_id=100"},"modified":"2025-08-01T08:28:59","modified_gmt":"2025-08-01T11:28:59","slug":"programa-2","status":"publish","type":"page","link":"https:\/\/educationmais.com.br\/?page_id=100","title":{"rendered":"PROGRAMA +"},"content":{"rendered":"\n<div class=\"wp-block-uagb-container uagb-block-ea74f4e6 alignfull uagb-is-root-container\"><div class=\"uagb-container-inner-blocks-wrap\">\n<div class=\"wp-block-uagb-container uagb-block-e75fa3d6\">\n<p class=\"has-text-align-left has-medium-font-size\">Estruturado com 40 encontros anuais (um encontro\/semana), com atividades sobre valores empreendedores e caracter\u00edsticas empreendedoras. Ao t\u00e9rmino de cada ano letivo o aluno apresenta o produto e faz a venda desse produto em evento anual para a comunidade, denominado Feira de Jovens Empreendedores. A cada ano o aluno desenvolve um Plano de Neg\u00f3cios para uma \u00e1rea distinta do ano anterior, e assim, ao passar por todos os n\u00edveis do programa o aluno ter\u00e1 desenvolvido e aplicado nove \u00e1reas de neg\u00f3cios, com produtos diferentes. Nos encontros s\u00e3o inseridos: fundamenta\u00e7\u00e3o te\u00f3rica e pr\u00e1tica (com jogos de tabuleiro, brincadeiras e atividades individuais e em grupo), com avalia\u00e7\u00f5es ao t\u00e9rmino de cada m\u00f3dulo.<\/p>\n<\/div>\n\n\n\n<div class=\"wp-block-uagb-container uagb-block-c0efee61\">\n<figure class=\"wp-block-image size-large\"><img loading=\"lazy\" decoding=\"async\" width=\"1024\" height=\"211\" src=\"https:\/\/educationmais.com.br\/wp-content\/uploads\/2022\/08\/logo-transp-texto-1024x211.png\" alt=\"\" class=\"wp-image-133\" srcset=\"https:\/\/educationmais.com.br\/wp-content\/uploads\/2022\/08\/logo-transp-texto-1024x211.png 1024w, https:\/\/educationmais.com.br\/wp-content\/uploads\/2022\/08\/logo-transp-texto-300x62.png 300w, https:\/\/educationmais.com.br\/wp-content\/uploads\/2022\/08\/logo-transp-texto-768x158.png 768w, https:\/\/educationmais.com.br\/wp-content\/uploads\/2022\/08\/logo-transp-texto-1536x316.png 1536w, https:\/\/educationmais.com.br\/wp-content\/uploads\/2022\/08\/logo-transp-texto-2048x421.png 2048w\" sizes=\"auto, (max-width: 1024px) 100vw, 1024px\" \/><\/figure>\n<\/div>\n\n\n\n<div class=\"wp-block-uagb-container uagb-block-7408e5a3\">\n<div class=\"wp-block-uagb-info-box uagb-block-4ab45022 uagb-infobox__content-wrap  uagb-infobox-icon-above-title uagb-infobox-image-valign-top\"><div class=\"uagb-ifb-content\"><div class=\"uagb-ifb-image-content\"><img decoding=\"async\" src=\"https:\/\/educationmais.com.br\/wp-content\/uploads\/2022\/08\/bncc-150x150.png\" alt=\"\" width=\"120\" height=\"120\" loading=\"lazy\"\/><\/div><div class=\"uagb-ifb-title-wrap\"><h3 class=\"uagb-ifb-title\"><strong>BASE NACIONAL COMUM CURRICULAR<\/strong><\/h3><\/div><p class=\"uagb-ifb-desc\"><strong>BNCC<\/strong><\/p><\/div><\/div>\n<\/div>\n\n\n\n<div class=\"wp-block-uagb-container uagb-block-cc49bfb7\">\n<p class=\"has-text-align-right has-medium-font-size\">Base Nacional Comum Curricular &#8211; BNCC: \u201cproporcionar uma cultura favor\u00e1vel ao desenvolvimento de atitudes, capacidades e valores que promovam o empreendedorismo (criatividade, inova\u00e7\u00e3o, organiza\u00e7\u00e3o, planejamento, responsabilidade, lideran\u00e7a, colabora\u00e7\u00e3o, vis\u00e3o de futuro, assun\u00e7\u00e3o de riscos, resili\u00eancia e curiosidade cient\u00ed\ufb01ca, entre outros), entendido como compet\u00eancia essencial ao desenvolvimento pessoal, \u00e0 cidadania ativa, \u00e0 inclus\u00e3o social e \u00e0 empregabilidade &#8211; BNCC, p. 466.<\/p>\n<\/div>\n<\/div><\/div>\n\n\n\n<div class=\"wp-block-group alignfull has-background is-layout-constrained wp-block-group-is-layout-constrained\" style=\"background-color:#fdab5f\">\n<figure class=\"wp-block-image aligncenter size-full is-resized has-custom-border\"><img loading=\"lazy\" decoding=\"async\" width=\"827\" height=\"466\" src=\"https:\/\/educationmais.com.br\/wp-content\/uploads\/2025\/08\/Captura-de-tela-2025-08-01-080542.png\" alt=\"\" class=\"has-border-color wp-image-609\" style=\"border-color:#ff6a00d9;border-width:3px;border-radius:5px;width:1017px;height:auto\" srcset=\"https:\/\/educationmais.com.br\/wp-content\/uploads\/2025\/08\/Captura-de-tela-2025-08-01-080542.png 827w, https:\/\/educationmais.com.br\/wp-content\/uploads\/2025\/08\/Captura-de-tela-2025-08-01-080542-300x169.png 300w, https:\/\/educationmais.com.br\/wp-content\/uploads\/2025\/08\/Captura-de-tela-2025-08-01-080542-768x433.png 768w\" sizes=\"auto, (max-width: 827px) 100vw, 827px\" \/><\/figure>\n<\/div>\n\n\n\n<div class=\"wp-block-columns is-layout-flex wp-container-core-columns-is-layout-28f84493 wp-block-columns-is-layout-flex\">\n<div class=\"wp-block-column is-layout-flow wp-block-column-is-layout-flow\">\n<figure class=\"wp-block-image aligncenter size-large is-resized\"><img loading=\"lazy\" decoding=\"async\" width=\"1024\" height=\"864\" src=\"https:\/\/educationmais.com.br\/wp-content\/uploads\/2022\/08\/toten3-1024x864.png\" alt=\"\" class=\"wp-image-110\" srcset=\"https:\/\/educationmais.com.br\/wp-content\/uploads\/2022\/08\/toten3-1024x864.png 1024w, https:\/\/educationmais.com.br\/wp-content\/uploads\/2022\/08\/toten3-300x253.png 300w, https:\/\/educationmais.com.br\/wp-content\/uploads\/2022\/08\/toten3-768x648.png 768w, https:\/\/educationmais.com.br\/wp-content\/uploads\/2022\/08\/toten3-1536x1295.png 1536w, https:\/\/educationmais.com.br\/wp-content\/uploads\/2022\/08\/toten3-2048x1727.png 2048w\" sizes=\"auto, (max-width: 1024px) 100vw, 1024px\" \/><figcaption class=\"wp-element-caption\"><mark style=\"background-color:rgba(0, 0, 0, 0);color:#0ab624\" class=\"has-inline-color\"><strong>PERSONAGENS<\/strong><\/mark><\/figcaption><\/figure>\n<\/div>\n\n\n\n<div class=\"wp-block-column is-layout-flow wp-block-column-is-layout-flow\">\n<figure class=\"wp-block-image aligncenter size-large is-resized\"><img loading=\"lazy\" decoding=\"async\" width=\"1024\" height=\"877\" src=\"https:\/\/educationmais.com.br\/wp-content\/uploads\/2022\/08\/toten1-1024x877.png\" alt=\"\" class=\"wp-image-108\" srcset=\"https:\/\/educationmais.com.br\/wp-content\/uploads\/2022\/08\/toten1-1024x877.png 1024w, https:\/\/educationmais.com.br\/wp-content\/uploads\/2022\/08\/toten1-300x257.png 300w, https:\/\/educationmais.com.br\/wp-content\/uploads\/2022\/08\/toten1-768x658.png 768w, https:\/\/educationmais.com.br\/wp-content\/uploads\/2022\/08\/toten1-1536x1315.png 1536w, https:\/\/educationmais.com.br\/wp-content\/uploads\/2022\/08\/toten1-2048x1754.png 2048w\" sizes=\"auto, (max-width: 1024px) 100vw, 1024px\" \/><figcaption class=\"wp-element-caption\"><strong><mark style=\"background-color:rgba(0, 0, 0, 0)\" class=\"has-inline-color has-ast-global-color-0-color\">PERSONAGENS<\/mark><\/strong><\/figcaption><\/figure>\n<\/div>\n<\/div>\n\n\n\n<div class=\"wp-block-columns is-layout-flex wp-container-core-columns-is-layout-28f84493 wp-block-columns-is-layout-flex\">\n<div class=\"wp-block-column is-layout-flow wp-block-column-is-layout-flow\">\n<figure class=\"wp-block-image size-large is-resized\"><img loading=\"lazy\" decoding=\"async\" width=\"1024\" height=\"854\" src=\"https:\/\/educationmais.com.br\/wp-content\/uploads\/2022\/08\/tab-caracteristica-1024x854.png\" alt=\"\" class=\"wp-image-105\" style=\"width:555px;height:462px\" srcset=\"https:\/\/educationmais.com.br\/wp-content\/uploads\/2022\/08\/tab-caracteristica-1024x854.png 1024w, https:\/\/educationmais.com.br\/wp-content\/uploads\/2022\/08\/tab-caracteristica-300x250.png 300w, https:\/\/educationmais.com.br\/wp-content\/uploads\/2022\/08\/tab-caracteristica-768x640.png 768w, https:\/\/educationmais.com.br\/wp-content\/uploads\/2022\/08\/tab-caracteristica-1536x1281.png 1536w, https:\/\/educationmais.com.br\/wp-content\/uploads\/2022\/08\/tab-caracteristica-2048x1708.png 2048w\" sizes=\"auto, (max-width: 1024px) 100vw, 1024px\" \/><\/figure>\n<\/div>\n\n\n\n<div class=\"wp-block-column is-layout-flow wp-block-column-is-layout-flow\">\n<figure class=\"wp-block-image aligncenter size-large\"><img loading=\"lazy\" decoding=\"async\" width=\"1024\" height=\"779\" src=\"https:\/\/educationmais.com.br\/wp-content\/uploads\/2022\/08\/toten2-1024x779.png\" alt=\"\" class=\"wp-image-109\" srcset=\"https:\/\/educationmais.com.br\/wp-content\/uploads\/2022\/08\/toten2-1024x779.png 1024w, https:\/\/educationmais.com.br\/wp-content\/uploads\/2022\/08\/toten2-300x228.png 300w, https:\/\/educationmais.com.br\/wp-content\/uploads\/2022\/08\/toten2-768x584.png 768w, https:\/\/educationmais.com.br\/wp-content\/uploads\/2022\/08\/toten2-1536x1168.png 1536w, https:\/\/educationmais.com.br\/wp-content\/uploads\/2022\/08\/toten2-2048x1557.png 2048w\" sizes=\"auto, (max-width: 1024px) 100vw, 1024px\" \/><figcaption class=\"wp-element-caption\"><strong><mark style=\"background-color:rgba(0, 0, 0, 0);color:#b70000\" class=\"has-inline-color\">PERSONAGENS<\/mark><\/strong><\/figcaption><\/figure>\n<\/div>\n<\/div>\n\n\n\n<div class=\"wp-block-columns is-layout-flex wp-container-core-columns-is-layout-28f84493 wp-block-columns-is-layout-flex\">\n<div class=\"wp-block-column is-layout-flow wp-block-column-is-layout-flow\"><\/div>\n\n\n\n<div class=\"wp-block-column is-layout-flow wp-block-column-is-layout-flow\"><\/div>\n<\/div>\n\n\n\n<figure class=\"wp-block-image aligncenter size-large is-resized\"><img loading=\"lazy\" decoding=\"async\" width=\"1024\" height=\"576\" src=\"https:\/\/educationmais.com.br\/wp-content\/uploads\/2025\/07\/png-1024x576.png\" alt=\"fun\u00e7\u00f5es executivas\" class=\"wp-image-458\" style=\"width:1030px;height:auto\" srcset=\"https:\/\/educationmais.com.br\/wp-content\/uploads\/2025\/07\/png-1024x576.png 1024w, https:\/\/educationmais.com.br\/wp-content\/uploads\/2025\/07\/png-300x169.png 300w, https:\/\/educationmais.com.br\/wp-content\/uploads\/2025\/07\/png-768x432.png 768w, https:\/\/educationmais.com.br\/wp-content\/uploads\/2025\/07\/png.png 1280w\" sizes=\"auto, (max-width: 1024px) 100vw, 1024px\" \/><\/figure>\n","protected":false},"excerpt":{"rendered":"<p>Estruturado com 40 encontros anuais (um encontro\/semana), com atividades sobre valores empreendedores e caracter\u00edsticas empreendedoras. Ao t\u00e9rmino de cada ano letivo o aluno apresenta o produto e faz a venda desse produto em evento anual para a comunidade, denominado Feira de Jovens Empreendedores. A cada ano o aluno desenvolve um Plano de Neg\u00f3cios para uma [&hellip;]<\/p>\n","protected":false},"author":1,"featured_media":0,"parent":0,"menu_order":0,"comment_status":"closed","ping_status":"closed","template":"","meta":{"_uag_custom_page_level_css":"","site-sidebar-layout":"default","site-content-layout":"","ast-site-content-layout":"default","site-content-style":"default","site-sidebar-style":"default","ast-global-header-display":"","ast-banner-title-visibility":"","ast-main-header-display":"","ast-hfb-above-header-display":"","ast-hfb-below-header-display":"","ast-hfb-mobile-header-display":"","site-post-title":"","ast-breadcrumbs-content":"","ast-featured-img":"","footer-sml-layout":"","theme-transparent-header-meta":"","adv-header-id-meta":"","stick-header-meta":"","header-above-stick-meta":"","header-main-stick-meta":"","header-below-stick-meta":"","astra-migrate-meta-layouts":"set","ast-page-background-enabled":"default","ast-page-background-meta":{"desktop":{"background-color":"var(--ast-global-color-4)","background-image":"","background-repeat":"repeat","background-position":"center center","background-size":"auto","background-attachment":"scroll","background-type":"","background-media":"","overlay-type":"","overlay-color":"","overlay-opacity":"","overlay-gradient":""},"tablet":{"background-color":"","background-image":"","background-repeat":"repeat","background-position":"center center","background-size":"auto","background-attachment":"scroll","background-type":"","background-media":"","overlay-type":"","overlay-color":"","overlay-opacity":"","overlay-gradient":""},"mobile":{"background-color":"","background-image":"","background-repeat":"repeat","background-position":"center center","background-size":"auto","background-attachment":"scroll","background-type":"","background-media":"","overlay-type":"","overlay-color":"","overlay-opacity":"","overlay-gradient":""}},"ast-content-background-meta":{"desktop":{"background-color":"var(--ast-global-color-5)","background-image":"","background-repeat":"repeat","background-position":"center center","background-size":"auto","background-attachment":"scroll","background-type":"","background-media":"","overlay-type":"","overlay-color":"","overlay-opacity":"","overlay-gradient":""},"tablet":{"background-color":"var(--ast-global-color-5)","background-image":"","background-repeat":"repeat","background-position":"center center","background-size":"auto","background-attachment":"scroll","background-type":"","background-media":"","overlay-type":"","overlay-color":"","overlay-opacity":"","overlay-gradient":""},"mobile":{"background-color":"var(--ast-global-color-5)","background-image":"","background-repeat":"repeat","background-position":"center center","background-size":"auto","background-attachment":"scroll","background-type":"","background-media":"","overlay-type":"","overlay-color":"","overlay-opacity":"","overlay-gradient":""}},"footnotes":""},"class_list":["post-100","page","type-page","status-publish","hentry"],"uagb_featured_image_src":{"full":false,"thumbnail":false,"medium":false,"medium_large":false,"large":false,"1536x1536":false,"2048x2048":false},"uagb_author_info":{"display_name":"siena","author_link":"https:\/\/educationmais.com.br\/?author=1"},"uagb_comment_info":0,"uagb_excerpt":"Estruturado com 40 encontros anuais (um encontro\/semana), com atividades sobre valores empreendedores e caracter\u00edsticas empreendedoras. Ao t\u00e9rmino de cada ano letivo o aluno apresenta o produto e faz a venda desse produto em evento anual para a comunidade, denominado Feira de Jovens Empreendedores. A cada ano o aluno desenvolve um Plano de Neg\u00f3cios para uma&hellip;","_links":{"self":[{"href":"https:\/\/educationmais.com.br\/index.php?rest_route=\/wp\/v2\/pages\/100","targetHints":{"allow":["GET"]}}],"collection":[{"href":"https:\/\/educationmais.com.br\/index.php?rest_route=\/wp\/v2\/pages"}],"about":[{"href":"https:\/\/educationmais.com.br\/index.php?rest_route=\/wp\/v2\/types\/page"}],"author":[{"embeddable":true,"href":"https:\/\/educationmais.com.br\/index.php?rest_route=\/wp\/v2\/users\/1"}],"replies":[{"embeddable":true,"href":"https:\/\/educationmais.com.br\/index.php?rest_route=%2Fwp%2Fv2%2Fcomments&post=100"}],"version-history":[{"count":17,"href":"https:\/\/educationmais.com.br\/index.php?rest_route=\/wp\/v2\/pages\/100\/revisions"}],"predecessor-version":[{"id":610,"href":"https:\/\/educationmais.com.br\/index.php?rest_route=\/wp\/v2\/pages\/100\/revisions\/610"}],"wp:attachment":[{"href":"https:\/\/educationmais.com.br\/index.php?rest_route=%2Fwp%2Fv2%2Fmedia&parent=100"}],"curies":[{"name":"wp","href":"https:\/\/api.w.org\/{rel}","templated":true}]}}